{"id":3018,"date":"2024-01-24T13:05:56","date_gmt":"2024-01-24T12:05:56","guid":{"rendered":"https:\/\/jarleheitmann.no\/?page_id=3018"},"modified":"2024-08-02T12:09:28","modified_gmt":"2024-08-02T10:09:28","slug":"jarleheitmannconsulting","status":"publish","type":"page","link":"https:\/\/jarleheitmann.no\/index.php\/jarleheitmannconsulting\/","title":{"rendered":"Jarle Heitmann Consulting"},"content":{"rendered":"<div class=\"wp-block-image\">\n<figure class=\"alignleft size-full is-resized\"><a href=\"https:\/\/i0.wp.com\/jarleheitmann.no\/wp-content\/uploads\/2024\/08\/LOGO-JARLE-HEITMANN-CONSULTING-.png?ssl=1\"><img data-recalc-dims=\"1\" loading=\"lazy\" decoding=\"async\" width=\"709\" height=\"568\" data-attachment-id=\"3125\" data-permalink=\"https:\/\/jarleheitmann.no\/index.php\/jarleheitmannconsulting\/logo-jarle-heitmann-consulting\/\" data-orig-file=\"https:\/\/i0.wp.com\/jarleheitmann.no\/wp-content\/uploads\/2024\/08\/LOGO-JARLE-HEITMANN-CONSULTING-.png?fit=709%2C568&amp;ssl=1\" data-orig-size=\"709,568\" data-comments-opened=\"1\" data-image-meta=\"{&quot;aperture&quot;:&quot;0&quot;,&quot;credit&quot;:&quot;&quot;,&quot;camera&quot;:&quot;&quot;,&quot;caption&quot;:&quot;&quot;,&quot;created_timestamp&quot;:&quot;0&quot;,&quot;copyright&quot;:&quot;&quot;,&quot;focal_length&quot;:&quot;0&quot;,&quot;iso&quot;:&quot;0&quot;,&quot;shutter_speed&quot;:&quot;0&quot;,&quot;title&quot;:&quot;&quot;,&quot;orientation&quot;:&quot;0&quot;}\" data-image-title=\"LOGO-JARLE-HEITMANN-CONSULTING-\" data-image-description=\"\" data-image-caption=\"\" data-medium-file=\"https:\/\/i0.wp.com\/jarleheitmann.no\/wp-content\/uploads\/2024\/08\/LOGO-JARLE-HEITMANN-CONSULTING-.png?fit=300%2C240&amp;ssl=1\" data-large-file=\"https:\/\/i0.wp.com\/jarleheitmann.no\/wp-content\/uploads\/2024\/08\/LOGO-JARLE-HEITMANN-CONSULTING-.png?fit=709%2C568&amp;ssl=1\" src=\"https:\/\/i0.wp.com\/jarleheitmann.no\/wp-content\/uploads\/2024\/08\/LOGO-JARLE-HEITMANN-CONSULTING-.png?resize=709%2C568&#038;ssl=1\" alt=\"\" class=\"wp-image-3125\" style=\"width:230px;height:auto\" srcset=\"https:\/\/i0.wp.com\/jarleheitmann.no\/wp-content\/uploads\/2024\/08\/LOGO-JARLE-HEITMANN-CONSULTING-.png?w=709&amp;ssl=1 709w, https:\/\/i0.wp.com\/jarleheitmann.no\/wp-content\/uploads\/2024\/08\/LOGO-JARLE-HEITMANN-CONSULTING-.png?resize=300%2C240&amp;ssl=1 300w\" sizes=\"auto, (max-width: 709px) 100vw, 709px\" \/><\/a><\/figure>\n<\/div>\n\n\n<p>Gjennom enkeltmannsforetaket &laquo;Jarle Heitmann Consulting&raquo; kan jeg utf\u00f8re en rekke tjenester og oppdrag som innleid konsulent:<\/p>\n\n\n\n<ul class=\"wp-block-list\">\n<li><strong>Ledelse<\/strong><br>Har bred erfaring med ledelse av organisasjoner, foreninger, selskaper, b\u00e5de som styreleder, daglig leder, avdelingsleder og kommunikasjon- og kampanjesjef. Kan ta midlertidige lederoppdrag (management for hire) p\u00e5 ulike omr\u00e5der. Ta kontakt for \u00e5 diskutere muligheter og rammer.<br><\/li>\n\n\n\n<li><strong>Strategi og strategiprosesser:<\/strong><br>Strategisk r\u00e5dgivning, utarbeidelse av strategi, strategiprosesser. Har bred erfaring med slike prosesser etter 25 \u00e5r med slike prosesser p\u00e5 folkevalgt niv\u00e5, i organisasjoner, n\u00e6ringsliv og styrer.<br><\/li>\n\n\n\n<li><strong>Samfunnskontakt og lobby<\/strong><br>Kvalitetssikring av initiativer, s\u00f8knader og planforslag som skal fremmes for spesielt lokale. og regionale myndigheter,. Hvordan unng\u00e5 de st\u00f8rste tabbene og fallgruvene? Optimalisere argumentene. Bidrar med min erfaring etter 25 \u00e5r som lokal- og regionalpolitiker og hundrevis av m\u00f8ter hvor jeg er blitt &laquo;lobbyert&raquo; mot.<br><\/li>\n\n\n\n<li><strong>Styreseminar og styreevalueringer<\/strong><br>Kj\u00f8rer styreseminarer for \u00e5 skape mer effektive styrem\u00f8ter, f\u00e5 styrer til \u00e5 bli mer klar over sin rolle i organisasjoner, skape motiverende styrearbeid og noen &laquo;triks&raquo; p\u00e5 \u00e5 f\u00e5 styrene til \u00e5 fungere:<br>Kj\u00f8rer styreevalueringer, med utarbeidelse av sp\u00f8rreark \/ questback, kj\u00f8rer analyser, gjennomgang i styrer og sluttrapportering til eier \/ generalforsamling \/ valgkomite.<br><\/li>\n\n\n\n<li><strong>Kampanjeledelse <\/strong><br>En organisasjon, bedrift eller andre interessenter \u00f8nsker \u00e5 oppn\u00e5 et konkret samfunnsmessig m\u00e5l, f. eks \u00f8ke omd\u00f8mme, f\u00e5 \u00f8kt kunnskap om en sak eller gjennomslag, og \u00f8nsker \u00e5 bruke midler p\u00e5 en best mulig m\u00e5te, men vet ikke hvordan eller hvilke kanaler enn b\u00f8r bruke. Med erfaring som kampanjesjef b\u00e5de i politikk og fra LHL &#8211; Landsforeningen for hjerte- og lungesyke-, kan jeg hjelpe til med \u00e5 sette opp og lede en kampanje. Dette inneb\u00e6rer valg av kanaler, budskap, kommunikasjon, kampanjebudsjettering, valg av underleverand\u00f8rer, disponering av ansatte\/tillitsvalgte\/medlemmer, ut\u00f8vende kampanjetiltak, reklame, medier etc.<br><\/li>\n\n\n\n<li><strong>Kommunikasjon- og medier (b\u00e5de nye og tradisjonelle).<\/strong><br>Tradisjonell kommunikasjons r\u00e5dgivning- innholdsproduksjon, produksjon av taler, innlegg, kronikker, optimalisere og kvalitetssikre budskap, lage utspillsplaner, bidra til \u00e5 f\u00e5 gjennomslag i medier, sosiale medier produksjon og kvalitetssikring, sikre budskap. Har st\u00e5tt i &laquo;ilden&raquo; som folkevalgt med uttallige involveringer med medier, v\u00e6rt kommunikasjonssjef i st\u00f8rre internasjonalt arrangement, og ansvar for \u00e5 sette dagsorden i st\u00f8rre nasjonale kampanjer.<br><\/li>\n\n\n\n<li><strong>Analyse<\/strong><br>Analyse av samfunnsforhold og politiske forhold som er viktig \u00e5 f\u00e5 \u00f8kt kunnskap i, for din bedrift eller organisasjon. Basert p\u00e5 lang erfaring som folkevalgt, politisk r\u00e5dgiver og med en solid mastergrad i statsvitenskap.<br><\/li>\n\n\n\n<li><strong>Forretningsutvikling<\/strong><br>Bidra i arbeidet med forretningsutvikling og optimalisere din bedrifts organisasjons og eierstruktur. Bidrar spesielt med min erfaring som styreleder i bl.a. Troms\u00f8 havn KF, hvor vi har jobbet med gjennomgang av orgaisasjonsstrukturen og sikre at det er optimalt for \u00e5 kunne drive b\u00e5de forvaltningsoppgaver og kommersiell utvikling, bl.a. i Prostneset havneterminal og Gr\u00f8tsund industripark.<br><\/li>\n\n\n\n<li><strong>Kurs- og foredragsvirksomhet<\/strong><br>KJ\u00f8rer kurs  &#8211; og foredrag p\u00e5 alle disse temaene, og har ogs\u00e5 konkrete taleforslag.<br>Book taler gjennom <a href=\"https:\/\/jarleheitmann.no\/index.php\/https-talerlisten-no-profil-jarle-heitmann\/\">talerlisten<\/a>.<\/li>\n<\/ul>\n\n\n\n<p><a href=\"https:\/\/www.linkedin.com\/company\/JarleHeitmann\" target=\"_blank\" rel=\"noreferrer noopener\">SJEKK JARLE HEITMANN CONSULTING P\u00c5 LINKEDIN<\/a><\/p>\n","protected":false},"excerpt":{"rendered":"<p>Gjennom enkeltmannsforetaket &laquo;Jarle Heitmann Consulting&raquo; kan jeg utf\u00f8re en rekke tjenester og oppdrag som innleid konsulent: SJEKK JARLE HEITMANN CONSULTING P\u00c5 LINKEDIN<\/p>\n","protected":false},"author":2,"featured_media":0,"parent":0,"menu_order":0,"comment_status":"closed","ping_status":"closed","template":"","meta":{"jetpack_post_was_ever_published":false,"footnotes":""},"class_list":["post-3018","page","type-page","status-publish","hentry"],"jetpack_sharing_enabled":true,"jetpack_shortlink":"https:\/\/wp.me\/P6OCVj-MG","jetpack-related-posts":[],"_links":{"self":[{"href":"https:\/\/jarleheitmann.no\/index.php\/wp-json\/wp\/v2\/pages\/3018","targetHints":{"allow":["GET"]}}],"collection":[{"href":"https:\/\/jarleheitmann.no\/index.php\/wp-json\/wp\/v2\/pages"}],"about":[{"href":"https:\/\/jarleheitmann.no\/index.php\/wp-json\/wp\/v2\/types\/page"}],"author":[{"embeddable":true,"href":"https:\/\/jarleheitmann.no\/index.php\/wp-json\/wp\/v2\/users\/2"}],"replies":[{"embeddable":true,"href":"https:\/\/jarleheitmann.no\/index.php\/wp-json\/wp\/v2\/comments?post=3018"}],"version-history":[{"count":6,"href":"https:\/\/jarleheitmann.no\/index.php\/wp-json\/wp\/v2\/pages\/3018\/revisions"}],"predecessor-version":[{"id":3126,"href":"https:\/\/jarleheitmann.no\/index.php\/wp-json\/wp\/v2\/pages\/3018\/revisions\/3126"}],"wp:attachment":[{"href":"https:\/\/jarleheitmann.no\/index.php\/wp-json\/wp\/v2\/media?parent=3018"}],"curies":[{"name":"wp","href":"https:\/\/api.w.org\/{rel}","templated":true}]}}