{"id":2822,"date":"2023-10-01T12:27:56","date_gmt":"2023-10-01T10:27:56","guid":{"rendered":"https:\/\/jarleheitmann.no\/?page_id=2822"},"modified":"2023-10-01T13:29:36","modified_gmt":"2023-10-01T11:29:36","slug":"https-talerlisten-no-profil-jarle-heitmann","status":"publish","type":"page","link":"https:\/\/jarleheitmann.no\/index.php\/https-talerlisten-no-profil-jarle-heitmann\/","title":{"rendered":"Talerlisten"},"content":{"rendered":"<div class=\"wp-block-image\">\n<figure class=\"alignleft size-full is-resized\"><a href=\"https:\/\/i0.wp.com\/jarleheitmann.no\/wp-content\/uploads\/2023\/10\/Jarle-Heitmann-profilbildeb.jpg?ssl=1\"><img data-recalc-dims=\"1\" loading=\"lazy\" decoding=\"async\" data-attachment-id=\"2842\" data-permalink=\"https:\/\/jarleheitmann.no\/index.php\/https-talerlisten-no-profil-jarle-heitmann\/jarle-heitmann-profilbildeb\/\" data-orig-file=\"https:\/\/i0.wp.com\/jarleheitmann.no\/wp-content\/uploads\/2023\/10\/Jarle-Heitmann-profilbildeb.jpg?fit=640%2C380&amp;ssl=1\" data-orig-size=\"640,380\" data-comments-opened=\"1\" data-image-meta=\"{&quot;aperture&quot;:&quot;0&quot;,&quot;credit&quot;:&quot;&quot;,&quot;camera&quot;:&quot;&quot;,&quot;caption&quot;:&quot;&quot;,&quot;created_timestamp&quot;:&quot;0&quot;,&quot;copyright&quot;:&quot;&quot;,&quot;focal_length&quot;:&quot;0&quot;,&quot;iso&quot;:&quot;0&quot;,&quot;shutter_speed&quot;:&quot;0&quot;,&quot;title&quot;:&quot;&quot;,&quot;orientation&quot;:&quot;0&quot;}\" data-image-title=\"Jarle-Heitmann-profilbildeb\" data-image-description=\"\" data-image-caption=\"\" data-medium-file=\"https:\/\/i0.wp.com\/jarleheitmann.no\/wp-content\/uploads\/2023\/10\/Jarle-Heitmann-profilbildeb.jpg?fit=300%2C178&amp;ssl=1\" data-large-file=\"https:\/\/i0.wp.com\/jarleheitmann.no\/wp-content\/uploads\/2023\/10\/Jarle-Heitmann-profilbildeb.jpg?fit=640%2C380&amp;ssl=1\" src=\"https:\/\/i0.wp.com\/jarleheitmann.no\/wp-content\/uploads\/2023\/10\/Jarle-Heitmann-profilbildeb.jpg?resize=385%2C229&#038;ssl=1\" alt=\"\" class=\"wp-image-2842\" style=\"width:385px;height:229px\" width=\"385\" height=\"229\" srcset=\"https:\/\/i0.wp.com\/jarleheitmann.no\/wp-content\/uploads\/2023\/10\/Jarle-Heitmann-profilbildeb.jpg?w=640&amp;ssl=1 640w, https:\/\/i0.wp.com\/jarleheitmann.no\/wp-content\/uploads\/2023\/10\/Jarle-Heitmann-profilbildeb.jpg?resize=300%2C178&amp;ssl=1 300w\" sizes=\"auto, (max-width: 385px) 100vw, 385px\" \/><\/a><\/figure>\n<\/div>\n\n\n<p>Jarle Heitmann holder engasjerende og innsiktsfulle foredrag krydret med aktuelle eksempler om sosiale medier og med oppdatert forskning p\u00e5 plattformenes p\u00e5virkning p\u00e5 demokrati, ytringsfrihet og samfunn. Han l\u00e6rer deg triksene med hvordan din organisasjon\/bedrift best f\u00e5r gjennomslag for sine initiativer, s\u00f8knader og planforslag hos lokale myndigheter og hvordan unng\u00e5 tabbene. Han er en erfaren m\u00f8te- og styreleder og med bred operativ og strategisk erfaring fra medie- og kommunikasjonsarbeid.<\/p>\n\n\n\n<p><strong><a href=\"https:\/\/talerlisten.no\/profil\/jarle-heitmann\/\" target=\"_blank\" rel=\"noreferrer noopener\"><mark style=\"background-color:rgba(0, 0, 0, 0)\" class=\"has-inline-color has-luminous-vivid-orange-color\">BOOK N\u00c5 HOS TALERLISTEN.NO<\/mark><\/a><\/strong><\/p>\n\n\n\n<p><br><strong><span style=\"text-decoration: underline;\">Foredrag, innlegg og kurs som tilbys er bl.a.:<\/span><\/strong><\/p>\n\n\n\n<ul class=\"wp-block-list\">\n<li><strong>Er sosiale medier en trussel mot demokratiet?<\/strong><\/li>\n<\/ul>\n\n\n\n<p>Design, algoritmer og forretningspraksis skaper utfordringer for demokrati, samfunnsdebatt og ytringsrommet. Hvordan redde demokratiet? I foredraget gis oppdaterte eksempler og det bygger p\u00e5 oppdatert forskning bl.a. gjennom foredragsholderens masteroppgave i statsvitenskap (2023)<\/p>\n\n\n\n<ul class=\"wp-block-list\">\n<li><strong>Hvordan skape gjennomslag hos en kommune?<\/strong><\/li>\n<\/ul>\n\n\n\n<p>Hvordan kan din organisasjon eller bedrift f\u00e5 igjennom initiativer, s\u00f8knader og planforslag hos lokale. og regionale myndigheter. Hvordan unng\u00e5 de st\u00f8rste tabbene? Kommunal lobbyarbeid p\u00e5 1-2-3 etter 25 \u00e5r som lokal- og regionalpolitiker.<\/p>\n\n\n\n<figure class=\"wp-block-embed is-type-video is-provider-youtube wp-block-embed-youtube wp-embed-aspect-16-9 wp-has-aspect-ratio\"><div class=\"wp-block-embed__wrapper\">\n<iframe loading=\"lazy\" title=\"Kan demokratiet reddes?\" width=\"1170\" height=\"658\" src=\"https:\/\/www.youtube.com\/embed\/W-RHPmQ3VJw?feature=oembed\" frameborder=\"0\" allow=\"accelerometer; autoplay; clipboard-write; encrypted-media; gyroscope; picture-in-picture; web-share\" referrerpolicy=\"strict-origin-when-cross-origin\" allowfullscreen><\/iframe>\n<\/div><figcaption class=\"wp-element-caption\"><strong>Eksempel p\u00e5 et av mine foredrag &#8211; her fra Social Media Days 2021 i Troms\u00f8.<\/strong><\/figcaption><\/figure>\n\n\n\n<ul class=\"wp-block-list\">\n<li><strong>Hvordan lede m\u00f8ter p\u00e5 en profesjonell m\u00e5te?<\/strong><\/li>\n<\/ul>\n\n\n\n<p>Hvordan holde kontroll p\u00e5 debatten og f\u00e5 ditt m\u00f8te avholdt effektivt? Hvordan f\u00e5 respekt som m\u00f8teleder? Hva betyr dagsorden og hva er forskjell p\u00e5 innlegg og replikk? Avstemmingsregler p\u00e5 1-2-3. Praktiske eksempler fra 25 \u00e5r som dirigent-, m\u00f8te- og styreleder.<\/p>\n\n\n\n<ul class=\"wp-block-list\">\n<li><strong>\u00c5 jobbe sammen med mediene p\u00e5 gode og onde dager<\/strong><\/li>\n<\/ul>\n\n\n\n<p>En innf\u00f8ring i hvordan de tradisjonelle mediene jobber og hvilken viktige samfunnsoppgave de har. Praktiske tips og r\u00e5d om samarbeidet med mediene n\u00e5r du vil de skal skrive om din sak, og n\u00e5r du f\u00e5r s\u00f8kelyset p\u00e5 deg, din organisasjon eller bedrift eller ditt produkt. Erfaringer etter 25 \u00e5r med mediene i gode &#8211; og onde dager.<\/p>\n\n\n\n<ul class=\"wp-block-list\">\n<li><strong>Evig eies kun et tapt omd\u00f8mme<\/strong><\/li>\n<\/ul>\n\n\n\n<p>Nesten daglig ser vi ledere eller organisasjoner som utsettes for angrep og kritikk &#8211; det v\u00e6re seg politikere, bedrifter og bedriftsledere eller ideelle organisasjoner. Gjentatte angrep truer omd\u00f8mmet. I foredraget vises konkrete eksempler p\u00e5 hva slike angrep kan best\u00e5 i og hva som betegner et godt omd\u00f8mme forsvar. Erfaring fra studier i strategisk kommunikasjon og organisk omd\u00f8mme, og 25 \u00e5r med omd\u00f8mmeposisjonering i bl.a. organisasjon, LHLs kampanjer &laquo;hjertelig hilsen&raquo; og &laquo;bl\u00e5s liv&raquo; og hvordan f\u00e5 sjakk til \u00e5 bli et allment fenomen i Norge.<\/p>\n\n\n\n<p><strong><a href=\"https:\/\/talerlisten.no\/profil\/jarle-heitmann\/\" target=\"_blank\" rel=\"noreferrer noopener\"><mark style=\"background-color:rgba(0, 0, 0, 0)\" class=\"has-inline-color has-luminous-vivid-orange-color\">BOOK N\u00c5 HOS TALERLISTEN.NO<\/mark><\/a><\/strong><\/p>\n","protected":false},"excerpt":{"rendered":"<p>Jarle Heitmann holder engasjerende og innsiktsfulle foredrag krydret med aktuelle eksempler om sosiale medier og med oppdatert forskning p\u00e5 plattformenes p\u00e5virkning p\u00e5 demokrati, ytringsfrihet og samfunn. Han l\u00e6rer deg triksene [&hellip;]<\/p>\n","protected":false},"author":2,"featured_media":0,"parent":0,"menu_order":0,"comment_status":"closed","ping_status":"closed","template":"","meta":{"jetpack_post_was_ever_published":false,"footnotes":""},"class_list":["post-2822","page","type-page","status-publish","hentry"],"jetpack_sharing_enabled":true,"jetpack_shortlink":"https:\/\/wp.me\/P6OCVj-Jw","jetpack-related-posts":[],"_links":{"self":[{"href":"https:\/\/jarleheitmann.no\/index.php\/wp-json\/wp\/v2\/pages\/2822","targetHints":{"allow":["GET"]}}],"collection":[{"href":"https:\/\/jarleheitmann.no\/index.php\/wp-json\/wp\/v2\/pages"}],"about":[{"href":"https:\/\/jarleheitmann.no\/index.php\/wp-json\/wp\/v2\/types\/page"}],"author":[{"embeddable":true,"href":"https:\/\/jarleheitmann.no\/index.php\/wp-json\/wp\/v2\/users\/2"}],"replies":[{"embeddable":true,"href":"https:\/\/jarleheitmann.no\/index.php\/wp-json\/wp\/v2\/comments?post=2822"}],"version-history":[{"count":2,"href":"https:\/\/jarleheitmann.no\/index.php\/wp-json\/wp\/v2\/pages\/2822\/revisions"}],"predecessor-version":[{"id":2844,"href":"https:\/\/jarleheitmann.no\/index.php\/wp-json\/wp\/v2\/pages\/2822\/revisions\/2844"}],"wp:attachment":[{"href":"https:\/\/jarleheitmann.no\/index.php\/wp-json\/wp\/v2\/media?parent=2822"}],"curies":[{"name":"wp","href":"https:\/\/api.w.org\/{rel}","templated":true}]}}