{"id":117,"date":"2016-09-05T21:21:18","date_gmt":"2016-09-05T21:21:18","guid":{"rendered":"http:\/\/gladitromso.no\/?page_id=117"},"modified":"2018-02-08T13:32:56","modified_gmt":"2018-02-08T12:32:56","slug":"bloggtips","status":"publish","type":"page","link":"https:\/\/jarleheitmann.no\/index.php\/bloggtips\/","title":{"rendered":"Bloggtips"},"content":{"rendered":"<h3>Blogger fra Troms\u00f8-politikere:<\/h3>\n<p><strong><span style=\"text-decoration: underline;\">Ap<\/span>:\u00a0<\/strong><\/p>\n<p><a href=\"http:\/\/GladiTromso.no\">Glad i Troms\u00f8 &#8211; Jarle Heitmann<\/a><\/p>\n<p><strong><span style=\"text-decoration: underline;\">R\u00f8dt<\/span>:<\/strong><\/p>\n<p><a href=\"https:\/\/jensingvald.wordpress.com\/\">Jens Ingvald Olsens blogg<\/a><\/p>\n<p><strong><span style=\"text-decoration: underline;\">SV<\/span>:<\/strong><\/p>\n<p><a href=\"https:\/\/ingridkielland.wordpress.com\/\">Troms\u00f8dama &#8211; Ingrid Marie Kielland<\/a><\/p>\n<p><a href=\"http:\/\/www.skogholt.org\/\">Eit stykkje av verda &#8211; P\u00e5l Julius Skogholt<\/a><\/p>\n<p><a href=\"http:\/\/likemuligheter.origo.no\/\">Like muligheter &#8211; Gunhild Johansen<\/a><\/p>\n<p><strong><span style=\"text-decoration: underline;\">Sp<\/span>:<\/strong><\/p>\n<p><a href=\"http:\/\/sandraborch.blogg.no\/\">Sandra Borchs blogg<\/a><\/p>\n<p><strong><span style=\"text-decoration: underline;\">Venstre<\/span>:<\/strong><\/p>\n<p><a href=\"https:\/\/jonasliberal.wordpress.com\/\">Jonas Steins blogg<\/a><\/p>\n<p><a href=\"https:\/\/mortenskandfer.wordpress.com\/\">Utsikt fra toppen av verden &#8211; Morten Skandfer<\/a><\/p>\n<p>&nbsp;<\/p>\n<header class=\"entry-header\">\n<h1 class=\"entry-title\">Troms\u00f8<\/h1>\n<\/header>\n<div class=\"entry-content\">\n<p><strong>Ressurser:<\/strong><\/p>\n<p><strong><a href=\"http:\/\/www.tromso.kommune.no\/politikk.155258.no.html\">Politikk p\u00e5 Troms\u00f8 kommune \u2013 med oversikt over m\u00f8teplan, kommunestyre, formannskap, reglementer etc.<\/a><\/strong><\/p>\n<p><a href=\"http:\/\/www.tromso.kommune.no\/\" target=\"_blank\" rel=\"noopener\">Troms\u00f8 kommune<\/a><\/p>\n<p>Troms\u00f8 p\u00e5 Wikipeida<\/p>\n<p><a href=\"http:\/\/www.til.no\/\" target=\"_blank\" rel=\"noopener\">Troms\u00f8 Idrettslag (Gutan)<\/a><\/p>\n<p><a href=\"http:\/\/www.tuilfotball.no\/\" target=\"_blank\" rel=\"noopener\">TUIL fotball<\/a><\/p>\n<\/div>\n","protected":false},"excerpt":{"rendered":"<p>Blogger fra Troms\u00f8-politikere: Ap:\u00a0 Glad i Troms\u00f8 &#8211; Jarle Heitmann R\u00f8dt: Jens Ingvald Olsens blogg SV: Troms\u00f8dama &#8211; Ingrid Marie Kielland Eit stykkje av verda &#8211; P\u00e5l Julius Skogholt Like [&hellip;]<\/p>\n","protected":false},"author":2,"featured_media":0,"parent":0,"menu_order":10,"comment_status":"closed","ping_status":"closed","template":"","meta":{"jetpack_post_was_ever_published":false,"footnotes":""},"class_list":["post-117","page","type-page","status-publish","hentry"],"jetpack_sharing_enabled":true,"jetpack_shortlink":"https:\/\/wp.me\/P6OCVj-1T","jetpack-related-posts":[],"_links":{"self":[{"href":"https:\/\/jarleheitmann.no\/index.php\/wp-json\/wp\/v2\/pages\/117","targetHints":{"allow":["GET"]}}],"collection":[{"href":"https:\/\/jarleheitmann.no\/index.php\/wp-json\/wp\/v2\/pages"}],"about":[{"href":"https:\/\/jarleheitmann.no\/index.php\/wp-json\/wp\/v2\/types\/page"}],"author":[{"embeddable":true,"href":"https:\/\/jarleheitmann.no\/index.php\/wp-json\/wp\/v2\/users\/2"}],"replies":[{"embeddable":true,"href":"https:\/\/jarleheitmann.no\/index.php\/wp-json\/wp\/v2\/comments?post=117"}],"version-history":[{"count":5,"href":"https:\/\/jarleheitmann.no\/index.php\/wp-json\/wp\/v2\/pages\/117\/revisions"}],"predecessor-version":[{"id":2046,"href":"https:\/\/jarleheitmann.no\/index.php\/wp-json\/wp\/v2\/pages\/117\/revisions\/2046"}],"wp:attachment":[{"href":"https:\/\/jarleheitmann.no\/index.php\/wp-json\/wp\/v2\/media?parent=117"}],"curies":[{"name":"wp","href":"https:\/\/api.w.org\/{rel}","templated":true}]}}